

{"id":50,"date":"2018-11-14T14:11:02","date_gmt":"2018-11-14T13:11:02","guid":{"rendered":"https:\/\/salzziegel.ch\/firmen\/?post_type=product&#038;p=50"},"modified":"2024-11-30T07:15:32","modified_gmt":"2024-11-30T06:15:32","slug":"salzziegel-normal-glatt-20x10x5cm-10-stuck","status":"publish","type":"product","link":"https:\/\/salzziegel.ch\/firmen\/product\/salzziegel-normal-glatt-20x10x5cm-10-stuck\/","title":{"rendered":"Salzziegel normal glatt 20x10x5cm (10Stk.\/Karton, 400 Stk.\/Palette)"},"content":{"rendered":"<p>Salzsteine werden immer h\u00e4ufiger in \u00f6ffenlichen und privaten Wellnessbereichen f\u00fcr die Auskleidung von Saunen, zur Dekoration (z. B. Salzwand, Salzbild) in Ruher\u00e4umen oder im Bad verwendet. Die Salzziegel k\u00f6nnen hinterleuchtet werden und scheine dann in verschiedenen Farbt\u00f6nen &#8211; ein einzigartiges warmes Ambiente. Die Salzziegel k\u00f6nnen \u00fcbereinander gemauert und verklebt werden. Passendes Zubeh\u00f6r finden Sie am Ende unter dem Reiter Zubeh\u00f6r. Zur Hinterleuchtung wird meistens eine LED-Schlauch verwendet.<\/p>\n<p>Salzziegel normal glatt<\/p>\n<p>20 x 10 x 5 cm (ca. 2.2 kg \/ Stk.)<\/p>\n<p>Palettenmenge: 400 St\u00fcck<\/p>\n<p>F\u00fcr 1 m2 braucht es 50 St\u00fcck<\/p>\n","protected":false},"excerpt":{"rendered":"<p>Salzsteine werden immer h\u00e4ufiger in \u00f6ffenlichen und privaten Wellnessbereichen f\u00fcr die Auskleidung von Saunen, zur Dekoration (z. B. Salzwand, Salzbild) in Ruher\u00e4umen oder im Bad verwendet. Die Salzziegel k\u00f6nnen hinterleuchtet werden und scheine dann in verschiedenen Farbt\u00f6nen &#8211; ein einzigartiges warmes Ambiente. Die Salzziegel k\u00f6nnen \u00fcbereinander gemauert und verklebt werden. Passendes Zubeh\u00f6r finden Sie am [&hellip;]<\/p>\n","protected":false},"featured_media":53,"comment_status":"open","ping_status":"closed","template":"","meta":[],"_links":{"self":[{"href":"https:\/\/salzziegel.ch\/firmen\/wp-json\/wp\/v2\/product\/50"}],"collection":[{"href":"https:\/\/salzziegel.ch\/firmen\/wp-json\/wp\/v2\/product"}],"about":[{"href":"https:\/\/salzziegel.ch\/firmen\/wp-json\/wp\/v2\/types\/product"}],"replies":[{"embeddable":true,"href":"https:\/\/salzziegel.ch\/firmen\/wp-json\/wp\/v2\/comments?post=50"}],"wp:featuredmedia":[{"embeddable":true,"href":"https:\/\/salzziegel.ch\/firmen\/wp-json\/wp\/v2\/media\/53"}],"wp:attachment":[{"href":"https:\/\/salzziegel.ch\/firmen\/wp-json\/wp\/v2\/media?parent=50"}],"curies":[{"name":"wp","href":"https:\/\/api.w.org\/{rel}","templated":true}]}}